{"id":12,"date":"2023-06-07T15:33:24","date_gmt":"2023-06-07T15:33:24","guid":{"rendered":"https:\/\/barbaratillmann.ch\/?page_id=12"},"modified":"2026-03-18T23:41:41","modified_gmt":"2026-03-18T23:41:41","slug":"home","status":"publish","type":"page","link":"https:\/\/barbaratillmann.ch\/","title":{"rendered":"Home"},"content":{"rendered":"\t\t<div data-elementor-type=\"wp-post\" data-elementor-id=\"12\" class=\"elementor elementor-12\" data-elementor-post-type=\"page\">\n\t\t\t\t\t\t<section class=\"elementor-section elementor-top-section elementor-element elementor-element-58d4650 elementor-section-boxed elementor-section-height-default elementor-section-height-default\" data-id=\"58d4650\" data-element_type=\"section\" data-e-type=\"section\">\n\t\t\t\t\t\t<div class=\"elementor-container elementor-column-gap-default\">\n\t\t\t\t\t<div class=\"elementor-column elementor-col-100 elementor-top-column elementor-element elementor-element-c501105\" data-id=\"c501105\" data-element_type=\"column\" data-e-type=\"column\">\n\t\t\t<div class=\"elementor-widget-wrap elementor-element-populated\">\n\t\t\t\t\t\t<div class=\"elementor-element elementor-element-2074ac1 elementor-widget elementor-widget-heading\" data-id=\"2074ac1\" data-element_type=\"widget\" data-e-type=\"widget\" data-widget_type=\"heading.default\">\n\t\t\t\t<div class=\"elementor-widget-container\">\n\t\t\t\t\t<h2 class=\"elementor-heading-title elementor-size-default\">Vita<\/h2>\t\t\t\t<\/div>\n\t\t\t\t<\/div>\n\t\t\t\t<div class=\"elementor-element elementor-element-2261c85 elementor-widget elementor-widget-text-editor\" data-id=\"2261c85\" data-element_type=\"widget\" data-e-type=\"widget\" data-widget_type=\"text-editor.default\">\n\t\t\t\t<div class=\"elementor-widget-container\">\n\t\t\t\t\t\t\t\t\t<p>Barbara Tillmann wurde in Neuchatel geboren und wuchs in Z\u00fcrich und Jolimont auf. Sie studierte bei Louise Pellerin in Z\u00fcrich und erhielt bei Heinz Holliger an der Musikhochschule Freiburg i. Br. das Konzertreifediplom. W\u00e4hrend der Studienzeit erhielt sie mehrmals Stipendien der Kiefer-Hablitzel Stiftung und der Ernst G\u00f6hner Stiftung in Zusammenarbeit mit dem Migros-Genossenschaftsbund.<\/p>\t\t\t\t\t\t\t\t<\/div>\n\t\t\t\t<\/div>\n\t\t\t\t<div class=\"elementor-element elementor-element-3e4d56a elementor-widget elementor-widget-button\" data-id=\"3e4d56a\" data-element_type=\"widget\" data-e-type=\"widget\" data-widget_type=\"button.default\">\n\t\t\t\t<div class=\"elementor-widget-container\">\n\t\t\t\t\t\t\t\t\t<div class=\"elementor-button-wrapper\">\n\t\t\t\t\t<a class=\"elementor-button elementor-button-link elementor-size-sm\" href=\"https:\/\/barbaratillmann.ch\/?page_id=69\">\n\t\t\t\t\t\t<span class=\"elementor-button-content-wrapper\">\n\t\t\t\t\t\t\t\t\t<span class=\"elementor-button-text\">Weiterlesen<\/span>\n\t\t\t\t\t<\/span>\n\t\t\t\t\t<\/a>\n\t\t\t\t<\/div>\n\t\t\t\t\t\t\t\t<\/div>\n\t\t\t\t<\/div>\n\t\t\t\t<div class=\"elementor-element elementor-element-965c7b3 elementor-widget elementor-widget-image\" data-id=\"965c7b3\" data-element_type=\"widget\" data-e-type=\"widget\" data-widget_type=\"image.default\">\n\t\t\t\t<div class=\"elementor-widget-container\">\n\t\t\t\t\t\t\t\t\t\t\t\t\t\t\t<img fetchpriority=\"high\" decoding=\"async\" width=\"692\" height=\"991\" src=\"https:\/\/barbaratillmann.ch\/wp-content\/uploads\/2026\/01\/26Barbara_Haendel.jpg\" class=\"attachment-large size-large wp-image-262\" alt=\"\" srcset=\"https:\/\/barbaratillmann.ch\/wp-content\/uploads\/2026\/01\/26Barbara_Haendel.jpg 692w, https:\/\/barbaratillmann.ch\/wp-content\/uploads\/2026\/01\/26Barbara_Haendel-209x300.jpg 209w\" sizes=\"(max-width: 692px) 100vw, 692px\" \/>\t\t\t\t\t\t\t\t\t\t\t\t\t\t\t<\/div>\n\t\t\t\t<\/div>\n\t\t\t\t\t<\/div>\n\t\t<\/div>\n\t\t\t\t\t<\/div>\n\t\t<\/section>\n\t\t\t\t<section class=\"elementor-section elementor-top-section elementor-element elementor-element-27ac6f0 elementor-section-boxed elementor-section-height-default elementor-section-height-default\" data-id=\"27ac6f0\" data-element_type=\"section\" data-e-type=\"section\">\n\t\t\t\t\t\t<div class=\"elementor-container elementor-column-gap-default\">\n\t\t\t\t\t<div class=\"elementor-column elementor-col-100 elementor-top-column elementor-element elementor-element-14e00f7\" data-id=\"14e00f7\" data-element_type=\"column\" data-e-type=\"column\">\n\t\t\t<div class=\"elementor-widget-wrap elementor-element-populated\">\n\t\t\t\t\t\t<div class=\"elementor-element elementor-element-3828d4a elementor-widget elementor-widget-image\" data-id=\"3828d4a\" data-element_type=\"widget\" data-e-type=\"widget\" data-widget_type=\"image.default\">\n\t\t\t\t<div class=\"elementor-widget-container\">\n\t\t\t\t\t\t\t\t\t\t\t\t\t\t\t<img decoding=\"async\" width=\"1024\" height=\"683\" src=\"https:\/\/barbaratillmann.ch\/wp-content\/uploads\/2026\/01\/Oboe-1024x683.jpg\" class=\"attachment-large size-large wp-image-264\" alt=\"\" srcset=\"https:\/\/barbaratillmann.ch\/wp-content\/uploads\/2026\/01\/Oboe-1024x683.jpg 1024w, https:\/\/barbaratillmann.ch\/wp-content\/uploads\/2026\/01\/Oboe-300x200.jpg 300w, https:\/\/barbaratillmann.ch\/wp-content\/uploads\/2026\/01\/Oboe-768x512.jpg 768w, https:\/\/barbaratillmann.ch\/wp-content\/uploads\/2026\/01\/Oboe-1536x1024.jpg 1536w, https:\/\/barbaratillmann.ch\/wp-content\/uploads\/2026\/01\/Oboe-2048x1365.jpg 2048w\" sizes=\"(max-width: 1024px) 100vw, 1024px\" \/>\t\t\t\t\t\t\t\t\t\t\t\t\t\t\t<\/div>\n\t\t\t\t<\/div>\n\t\t\t\t\t<\/div>\n\t\t<\/div>\n\t\t\t\t\t<\/div>\n\t\t<\/section>\n\t\t\t\t<\/div>\n\t\t","protected":false},"excerpt":{"rendered":"<p>Vita Barbara Tillmann wurde in Neuchatel geboren und wuchs in Z\u00fcrich und Jolimont auf. Sie studierte bei Louise Pellerin in Z\u00fcrich und erhielt bei Heinz Holliger an der Musikhochschule Freiburg i. Br. das Konzertreifediplom. W\u00e4hrend der Studienzeit erhielt sie mehrmals Stipendien der Kiefer-Hablitzel Stiftung und der Ernst G\u00f6hner Stiftung in Zusammenarbeit mit dem Migros-Genossenschaftsbund. Weiterlesen<\/p>\n","protected":false},"author":1,"featured_media":8,"parent":0,"menu_order":0,"comment_status":"closed","ping_status":"closed","template":"","meta":{"footnotes":""},"class_list":["post-12","page","type-page","status-publish","has-post-thumbnail","hentry"],"_links":{"self":[{"href":"https:\/\/barbaratillmann.ch\/index.php?rest_route=\/wp\/v2\/pages\/12","targetHints":{"allow":["GET"]}}],"collection":[{"href":"https:\/\/barbaratillmann.ch\/index.php?rest_route=\/wp\/v2\/pages"}],"about":[{"href":"https:\/\/barbaratillmann.ch\/index.php?rest_route=\/wp\/v2\/types\/page"}],"author":[{"embeddable":true,"href":"https:\/\/barbaratillmann.ch\/index.php?rest_route=\/wp\/v2\/users\/1"}],"replies":[{"embeddable":true,"href":"https:\/\/barbaratillmann.ch\/index.php?rest_route=%2Fwp%2Fv2%2Fcomments&post=12"}],"version-history":[{"count":68,"href":"https:\/\/barbaratillmann.ch\/index.php?rest_route=\/wp\/v2\/pages\/12\/revisions"}],"predecessor-version":[{"id":272,"href":"https:\/\/barbaratillmann.ch\/index.php?rest_route=\/wp\/v2\/pages\/12\/revisions\/272"}],"wp:featuredmedia":[{"embeddable":true,"href":"https:\/\/barbaratillmann.ch\/index.php?rest_route=\/wp\/v2\/media\/8"}],"wp:attachment":[{"href":"https:\/\/barbaratillmann.ch\/index.php?rest_route=%2Fwp%2Fv2%2Fmedia&parent=12"}],"curies":[{"name":"wp","href":"https:\/\/api.w.org\/{rel}","templated":true}]}}