{"id":83,"date":"2023-07-10T16:55:06","date_gmt":"2023-07-10T16:55:06","guid":{"rendered":"https:\/\/barbaratillmann.ch\/?page_id=83"},"modified":"2025-03-23T20:29:41","modified_gmt":"2025-03-23T20:29:41","slug":"ensemble-pyramide","status":"publish","type":"page","link":"https:\/\/barbaratillmann.ch\/?page_id=83","title":{"rendered":"Ensemble Pyramide"},"content":{"rendered":"\t\t<div data-elementor-type=\"wp-page\" data-elementor-id=\"83\" class=\"elementor elementor-83\" data-elementor-post-type=\"page\">\n\t\t\t\t\t\t<section class=\"elementor-section elementor-top-section elementor-element elementor-element-4d6c4fc elementor-section-boxed elementor-section-height-default elementor-section-height-default\" data-id=\"4d6c4fc\" data-element_type=\"section\" data-e-type=\"section\">\n\t\t\t\t\t\t<div class=\"elementor-container elementor-column-gap-default\">\n\t\t\t\t\t<div class=\"elementor-column elementor-col-100 elementor-top-column elementor-element elementor-element-4b0dc73\" data-id=\"4b0dc73\" data-element_type=\"column\" data-e-type=\"column\">\n\t\t\t<div class=\"elementor-widget-wrap elementor-element-populated\">\n\t\t\t\t\t\t<div class=\"elementor-element elementor-element-01ccd3d elementor-widget elementor-widget-image\" data-id=\"01ccd3d\" data-element_type=\"widget\" data-e-type=\"widget\" data-widget_type=\"image.default\">\n\t\t\t\t<div class=\"elementor-widget-container\">\n\t\t\t\t\t\t\t\t\t\t\t\t\t\t\t<img fetchpriority=\"high\" decoding=\"async\" width=\"1024\" height=\"682\" src=\"https:\/\/barbaratillmann.ch\/wp-content\/uploads\/2025\/03\/Foto2-sw-klein-1024x682.jpg\" class=\"attachment-large size-large wp-image-213\" alt=\"\" srcset=\"https:\/\/barbaratillmann.ch\/wp-content\/uploads\/2025\/03\/Foto2-sw-klein-1024x682.jpg 1024w, https:\/\/barbaratillmann.ch\/wp-content\/uploads\/2025\/03\/Foto2-sw-klein-300x200.jpg 300w, https:\/\/barbaratillmann.ch\/wp-content\/uploads\/2025\/03\/Foto2-sw-klein-768x512.jpg 768w, https:\/\/barbaratillmann.ch\/wp-content\/uploads\/2025\/03\/Foto2-sw-klein-1536x1024.jpg 1536w, https:\/\/barbaratillmann.ch\/wp-content\/uploads\/2025\/03\/Foto2-sw-klein.jpg 2000w\" sizes=\"(max-width: 1024px) 100vw, 1024px\" \/>\t\t\t\t\t\t\t\t\t\t\t\t\t\t\t<\/div>\n\t\t\t\t<\/div>\n\t\t\t\t<div class=\"elementor-element elementor-element-037f13a elementor-widget elementor-widget-text-editor\" data-id=\"037f13a\" data-element_type=\"widget\" data-e-type=\"widget\" data-widget_type=\"text-editor.default\">\n\t\t\t\t<div class=\"elementor-widget-container\">\n\t\t\t\t\t\t\t\t\t<p>Das Ensemble Pyramide wurde im Jahr 1991 gegr\u00fcndet und feiert im Jahr 2011 sein 20j\u00e4hriges Bestehen. Das Ensemble erarbeitete sich in dieser Zeit ein breitgef\u00e4chertes Repertoire; Schwerpunkte bilden dabei die Quartette und Quintette der Klassik mit einem oder zwei Blasinstrumenten und Streichtrio, die franz\u00f6sische Kammermusik mit Harfe aus der ersten H\u00e4lfte des 20. Jahrhunderts und die f\u00fcr das Ensemble geschriebene zeitgen\u00f6ssische Musik. Einen weiteren Schwerpunkt des Repertoires bilden Werke, die von Markus Br\u00f6nnimann f\u00fcr die spezielle Besetzung des Sextetts instrumentiert wurden.<\/p><p>Die kammermusikalischen Ideale des Streichquartettes vor Augen und die klangliche Vielfalt eines Kammerorchesters im Ohr hat das Ensemble Pyramide zu einer Form gefunden die beide Ideale umfasst.<\/p><p>Die Vielf\u00e4ltigkeit des Repertoires mit selten aufgef\u00fchrten Kammermusikwerken ist ein besonderes Anliegen des Ensemble Pyramide. Diese Rarit\u00e4ten gewinnen an Wert durch die intensive Auseinandersetzung, die intelligente Interpretation und das differenzierte Zusammenspiel, in welchem auch Spontaneit\u00e4t und Spielfreude ihren Platz haben. F\u00fcr diese ungew\u00f6hnliche Ensemble- und Repertoirearbeit erhielt das Ensemble Pyramide im Jahr 2006 die kulturelle Auszeichnung der Stadt Z\u00fcrich \u201eWerkjahr f\u00fcr Interpretation\u201c.<\/p><p>Seit 1995 f\u00fchrt das Ensemble Pyramide eine eigene Konzertreihe in Z\u00fcrich und seit 2007 die Sommerkonzerte in der Kapelle Jonental durch. In den bis heute 51 thematischen Programmen kamen \u00fcber 210 Werke zur Auff\u00fchrung, darunter Urauff\u00fchrungen von Nadir Vassena (CH), Thorsten Wollmann (D), Georges Migot (F), Trudi Strebi (CH), Elena Firsova (GB), Dimitri Smirnov (GB), Gao Ping (USA\/China), Rudolf Kelterborn (CH), Olivier Dartevelle (LUX) und Jean Halsdorf (LUX). Zum Konzept der Programme in Z\u00fcrich geh\u00f6rt die bewusste Gegen\u00fcberstellung von Werken aus dem Barock und der Klassik mit Kompositionen aus dem 20. und 21. Jahrhundert. Das Nebeneinander unterschiedlicher Tonsprachen l\u00e4sst die einzelnen Werke in neuem Licht erscheinen und f\u00fchrt zu sich erg\u00e4nzenden Begegnungen zwischen Alter und Neuer Musik.<\/p><p>1999 erschien die erste CD des Ensemble Pyramide mit Werken von Mozart, Ibert, Dutilleux und Ravel. Dann spielte das Ensemble Kammermusikwerke von Georges Migot bei Int\u00e9gral Productions und Werke von Franz Krommer bei Ars musici ein. 2006 ist bei Naxos eine Aufnahme mit Werken von Gao Ping erschienen. Anfangs 2011 wurde das Ensemble Pyramide vom Schweizer Label Divox unter Vertrag genommen und eine l\u00e4ngerfristige Zusammenarbeit ist geplant. Bei diesem Label sind nun bereits zwei CDs mit Werken von Ravel, Debussy und Piern\u00e9 sowie eine Portr\u00e4t-CD erschienen.<\/p><p><a href=\"http:\/\/www.ensemble-pyramide.ch\" target=\"_blank\" rel=\"noopener\">www.ensemble-pyramide.ch<\/a><\/p>\t\t\t\t\t\t\t\t<\/div>\n\t\t\t\t<\/div>\n\t\t\t\t\t<\/div>\n\t\t<\/div>\n\t\t\t\t\t<\/div>\n\t\t<\/section>\n\t\t\t\t<\/div>\n\t\t","protected":false},"excerpt":{"rendered":"<p>Das Ensemble Pyramide wurde im Jahr 1991 gegr\u00fcndet und feiert im Jahr 2011 sein 20j\u00e4hriges Bestehen. Das Ensemble erarbeitete sich in dieser Zeit ein breitgef\u00e4chertes Repertoire; Schwerpunkte bilden dabei die Quartette und Quintette der Klassik mit einem oder zwei Blasinstrumenten und Streichtrio, die franz\u00f6sische Kammermusik mit Harfe aus der ersten H\u00e4lfte des 20. Jahrhunderts und [&hellip;]<\/p>\n","protected":false},"author":1,"featured_media":0,"parent":0,"menu_order":0,"comment_status":"closed","ping_status":"closed","template":"","meta":{"footnotes":""},"class_list":["post-83","page","type-page","status-publish","hentry"],"_links":{"self":[{"href":"https:\/\/barbaratillmann.ch\/index.php?rest_route=\/wp\/v2\/pages\/83","targetHints":{"allow":["GET"]}}],"collection":[{"href":"https:\/\/barbaratillmann.ch\/index.php?rest_route=\/wp\/v2\/pages"}],"about":[{"href":"https:\/\/barbaratillmann.ch\/index.php?rest_route=\/wp\/v2\/types\/page"}],"author":[{"embeddable":true,"href":"https:\/\/barbaratillmann.ch\/index.php?rest_route=\/wp\/v2\/users\/1"}],"replies":[{"embeddable":true,"href":"https:\/\/barbaratillmann.ch\/index.php?rest_route=%2Fwp%2Fv2%2Fcomments&post=83"}],"version-history":[{"count":10,"href":"https:\/\/barbaratillmann.ch\/index.php?rest_route=\/wp\/v2\/pages\/83\/revisions"}],"predecessor-version":[{"id":216,"href":"https:\/\/barbaratillmann.ch\/index.php?rest_route=\/wp\/v2\/pages\/83\/revisions\/216"}],"wp:attachment":[{"href":"https:\/\/barbaratillmann.ch\/index.php?rest_route=%2Fwp%2Fv2%2Fmedia&parent=83"}],"curies":[{"name":"wp","href":"https:\/\/api.w.org\/{rel}","templated":true}]}}